{"id":172,"date":"2023-10-10T17:10:49","date_gmt":"2023-10-10T15:10:49","guid":{"rendered":"https:\/\/letoublonshiatsu.fr\/?page_id=172"},"modified":"2024-12-24T15:12:18","modified_gmt":"2024-12-24T14:12:18","slug":"humain","status":"publish","type":"page","link":"https:\/\/letoublonshiatsu.fr\/index.php\/humain\/","title":{"rendered":"Shiatsu\u00a0Humain"},"content":{"rendered":"\t\t<div data-elementor-type=\"wp-page\" data-elementor-id=\"172\" class=\"elementor elementor-172\" data-elementor-post-type=\"page\">\n\t\t\t\t<div class=\"elementor-element elementor-element-4e7336a e-con-full elementor-hidden-mobile e-flex e-con e-parent\" data-id=\"4e7336a\" data-element_type=\"container\">\n\t\t<div class=\"elementor-element elementor-element-d9532b9 e-con-full e-flex elementor-invisible e-con e-child\" data-id=\"d9532b9\" data-element_type=\"container\" data-settings=\"{&quot;background_background&quot;:&quot;classic&quot;,&quot;animation&quot;:&quot;slideInLeft&quot;}\">\n\t\t\t\t<div class=\"elementor-element elementor-element-b6589de elementor-widget elementor-widget-image\" data-id=\"b6589de\" data-element_type=\"widget\" data-widget_type=\"image.default\">\n\t\t\t\t<div class=\"elementor-widget-container\">\n\t\t\t\t\t\t\t\t\t\t\t\t\t<img decoding=\"async\" src=\"https:\/\/letoublonshiatsu.fr\/wp-content\/uploads\/2023\/10\/massage-therapy-1584711_1280-2.jpg\" title=\"\" alt=\"\" loading=\"lazy\" \/>\t\t\t\t\t\t\t\t\t\t\t\t\t<\/div>\n\t\t\t\t<\/div>\n\t\t\t\t<\/div>\n\t\t<div class=\"elementor-element elementor-element-a9f2127 e-con-full e-flex e-con e-child\" data-id=\"a9f2127\" data-element_type=\"container\">\n\t\t<div class=\"elementor-element elementor-element-f8bec51 e-flex e-con-boxed e-con e-child\" data-id=\"f8bec51\" data-element_type=\"container\">\n\t\t\t\t\t<div class=\"e-con-inner\">\n\t\t\t\t<div class=\"elementor-element elementor-element-70961a4 animated-slow pageTitle elementor-invisible elementor-widget elementor-widget-heading\" data-id=\"70961a4\" data-element_type=\"widget\" data-settings=\"{&quot;_animation&quot;:&quot;fadeInLeft&quot;,&quot;_animation_delay&quot;:600}\" data-widget_type=\"heading.default\">\n\t\t\t\t<div class=\"elementor-widget-container\">\n\t\t\t<h1 class=\"elementor-heading-title elementor-size-default\">Shiatsu Humain\n<\/h1>\t\t<\/div>\n\t\t\t\t<\/div>\n\t\t\t\t\t<\/div>\n\t\t\t\t<\/div>\n\t\t\t\t<\/div>\n\t\t\t\t<\/div>\n\t\t<div class=\"elementor-element elementor-element-542b44f e-con-full elementor-hidden-desktop elementor-hidden-tablet e-flex e-con e-parent\" data-id=\"542b44f\" data-element_type=\"container\">\n\t\t<div class=\"elementor-element elementor-element-f87b4ee e-con-full e-flex e-con e-child\" data-id=\"f87b4ee\" data-element_type=\"container\">\n\t\t\t\t<div class=\"elementor-element elementor-element-c651979 animated-slow pageTitle elementor-invisible elementor-widget elementor-widget-heading\" data-id=\"c651979\" data-element_type=\"widget\" data-settings=\"{&quot;_animation&quot;:&quot;fadeInLeft&quot;,&quot;_animation_delay&quot;:600}\" data-widget_type=\"heading.default\">\n\t\t\t\t<div class=\"elementor-widget-container\">\n\t\t\t<h1 class=\"elementor-heading-title elementor-size-default\">Shiatsu Humain\n<\/h1>\t\t<\/div>\n\t\t\t\t<\/div>\n\t\t<div class=\"elementor-element elementor-element-1c922c4 e-con-full e-flex e-con e-child\" data-id=\"1c922c4\" data-element_type=\"container\">\n\t\t<div class=\"elementor-element elementor-element-1523d19 e-flex e-con-boxed e-con e-child\" data-id=\"1523d19\" data-element_type=\"container\">\n\t\t\t\t\t<div class=\"e-con-inner\">\n\t\t<div class=\"elementor-element elementor-element-e973afc e-con-full e-flex elementor-invisible e-con e-child\" data-id=\"e973afc\" data-element_type=\"container\" data-settings=\"{&quot;background_background&quot;:&quot;classic&quot;,&quot;animation&quot;:&quot;slideInLeft&quot;}\">\n\t\t\t\t<div class=\"elementor-element elementor-element-5674b75 elementor-widget elementor-widget-image\" data-id=\"5674b75\" data-element_type=\"widget\" data-widget_type=\"image.default\">\n\t\t\t\t<div class=\"elementor-widget-container\">\n\t\t\t\t\t\t\t\t\t\t\t\t\t<img decoding=\"async\" src=\"https:\/\/letoublonshiatsu.fr\/wp-content\/uploads\/2023\/10\/massage-therapy-1584711_1280-2.jpg\" title=\"\" alt=\"\" loading=\"lazy\" \/>\t\t\t\t\t\t\t\t\t\t\t\t\t<\/div>\n\t\t\t\t<\/div>\n\t\t\t\t<\/div>\n\t\t\t\t\t<\/div>\n\t\t\t\t<\/div>\n\t\t\t\t<\/div>\n\t\t\t\t<\/div>\n\t\t\t\t<\/div>\n\t\t<div class=\"elementor-element elementor-element-b0ffa05 e-flex e-con-boxed e-con e-parent\" data-id=\"b0ffa05\" data-element_type=\"container\">\n\t\t\t\t\t<div class=\"e-con-inner\">\n\t\t\t\t<div class=\"elementor-element elementor-element-ae1373f elementor-widget elementor-widget-text-editor\" data-id=\"ae1373f\" data-element_type=\"widget\" data-widget_type=\"text-editor.default\">\n\t\t\t\t<div class=\"elementor-widget-container\">\n\t\t\t\t\t\t\t<p><span style=\"font-weight: 400;\">Il s\u2019adresse \u00e0 toute personne d\u00e9sireuse d\u2019am\u00e9liorer son \u00e9tat de bien-\u00eatre et de s\u2019accorder un v\u00e9ritable moment de d\u00e9tente (adulte comme enfant). Le but \u00e9tant d\u2019aider le corps et l\u2019esprit \u00e0 s\u2019harmoniser, s\u2019\u00e9quilibrer afin de s\u2019adapter au mieux aux changements de saison, au climat, au stress, aux chocs physiques ou \u00e9motionnels, aux probl\u00e8mes hormonaux, \u00e0 la fatigue&#8230;<\/span><\/p><p><strong>Le shiatsu peut \u00e9galement \u00eatre proposer lors de parcours de soins cancer. Il permettra aux personnes en cours de traitements de soulager les effets secondaires (naus\u00e9es, vomissements, troubles digestifs, c\u00e9phal\u00e9es, bouff\u00e9es de chaleur, paresth\u00e9sies, fatigue&#8230;), de se d\u00e9tendre, d&#8217;att\u00e9nuer le stress, de se r\u00e9approprier son corps et de travailler sur la souplesse des cicatrices.<\/strong><\/p>\t\t\t\t\t\t<\/div>\n\t\t\t\t<\/div>\n\t\t\t\t<div class=\"elementor-element elementor-element-e32d304 elementor-widget-divider--view-line elementor-widget elementor-widget-divider\" data-id=\"e32d304\" data-element_type=\"widget\" data-widget_type=\"divider.default\">\n\t\t\t\t<div class=\"elementor-widget-container\">\n\t\t\t\t\t<div class=\"elementor-divider\">\n\t\t\t<span class=\"elementor-divider-separator\">\n\t\t\t\t\t\t<\/span>\n\t\t<\/div>\n\t\t\t\t<\/div>\n\t\t\t\t<\/div>\n\t\t\t\t<div class=\"elementor-element elementor-element-d53ae4e elementor-hidden-mobile elementor-widget elementor-widget-spacer\" data-id=\"d53ae4e\" data-element_type=\"widget\" data-widget_type=\"spacer.default\">\n\t\t\t\t<div class=\"elementor-widget-container\">\n\t\t\t\t\t<div class=\"elementor-spacer\">\n\t\t\t<div class=\"elementor-spacer-inner\"><\/div>\n\t\t<\/div>\n\t\t\t\t<\/div>\n\t\t\t\t<\/div>\n\t\t\t\t\t<\/div>\n\t\t\t\t<\/div>\n\t\t<div class=\"elementor-element elementor-element-28d0b57 e-flex e-con-boxed e-con e-parent\" data-id=\"28d0b57\" data-element_type=\"container\">\n\t\t\t\t\t<div class=\"e-con-inner\">\n\t\t<div class=\"elementor-element elementor-element-78abf89 e-flex e-con-boxed e-con e-child\" data-id=\"78abf89\" data-element_type=\"container\">\n\t\t\t\t\t<div class=\"e-con-inner\">\n\t\t<div class=\"elementor-element elementor-element-72b09c2 e-con-full e-flex e-con e-child\" data-id=\"72b09c2\" data-element_type=\"container\">\n\t\t<div class=\"elementor-element elementor-element-1fb11a2 e-con-full e-flex e-con e-child\" data-id=\"1fb11a2\" data-element_type=\"container\">\n\t\t\t\t<div class=\"elementor-element elementor-element-6ba1020 elementor-invisible elementor-widget elementor-widget-heading\" data-id=\"6ba1020\" data-element_type=\"widget\" data-settings=\"{&quot;_animation&quot;:&quot;fadeIn&quot;,&quot;_animation_delay&quot;:200}\" data-widget_type=\"heading.default\">\n\t\t\t\t<div class=\"elementor-widget-container\">\n\t\t\t<h2 class=\"elementor-heading-title elementor-size-default\">D\u00e9roulement d\u2019une s\u00e9ance\n<\/h2>\t\t<\/div>\n\t\t\t\t<\/div>\n\t\t\t\t<div class=\"elementor-element elementor-element-54bf464 elementor-widget elementor-widget-text-editor\" data-id=\"54bf464\" data-element_type=\"widget\" data-widget_type=\"text-editor.default\">\n\t\t\t\t<div class=\"elementor-widget-container\">\n\t\t\t\t\t\t\t<p><strong>Apr\u00e8s avoir \u00e9chang\u00e9 sur les troubles \u00e9nerg\u00e9tiques que vous pouvez ressentir, votre mode de vie (sommeil, digestion, \u00e9tat psychique, \u00e9ventuels probl\u00e8mes digestifs, cutan\u00e9s, \u00e9ventuelles douleurs, r\u00e9cup\u00e9ration musculaire\u2026) ; la s\u00e9ance se d\u00e9roulera en \u00e9tant allong\u00e9 sur un futon au sol dans une tenue d\u00e9contract\u00e9e type jogging en coton.<\/strong><\/p><p><strong>Une s\u00e9ance dure environ 1h30<\/strong><\/p><p><span style=\"font-weight: 400;\">Recommandations<\/span><\/p><ul><li style=\"font-weight: 400;\" aria-level=\"1\"><span style=\"font-weight: 400;\">En aucun cas le Shiatsu ne peut se substituer \u00e0 un diagnostic ou un traitement m\u00e9dicamenteux<\/span><\/li><li><span style=\"font-weight: 400;\">N&#8217;oubliez pas de me faire part de tout traitement m\u00e9dical, maladies, grossesse<\/span><\/li><li style=\"font-weight: 400;\" aria-level=\"1\"><span style=\"font-weight: 400;\">Apr\u00e8s le traitement il est recommand\u00e9 de s\u2019accorder un moment de repos, et de d\u00e9tente<\/span><\/li><\/ul>\t\t\t\t\t\t<\/div>\n\t\t\t\t<\/div>\n\t\t\t\t<div class=\"elementor-element elementor-element-7b92ad4 elementor-align-center elementor-widget elementor-widget-button\" data-id=\"7b92ad4\" data-element_type=\"widget\" data-widget_type=\"button.default\">\n\t\t\t\t<div class=\"elementor-widget-container\">\n\t\t\t\t\t\t\t<div class=\"elementor-button-wrapper\">\n\t\t\t\t\t<a class=\"elementor-button elementor-button-link elementor-size-sm\" href=\"https:\/\/letoublonshiatsu.fr\/index.php\/contact-us\/\">\n\t\t\t\t\t\t<span class=\"elementor-button-content-wrapper\">\n\t\t\t\t\t\t\t\t\t<span class=\"elementor-button-text\">Contacter pour reserver<\/span>\n\t\t\t\t\t<\/span>\n\t\t\t\t\t<\/a>\n\t\t\t\t<\/div>\n\t\t\t\t\t\t<\/div>\n\t\t\t\t<\/div>\n\t\t\t\t<\/div>\n\t\t\t\t<\/div>\n\t\t<div class=\"elementor-element elementor-element-09be906 e-con-full e-flex e-con e-child\" data-id=\"09be906\" data-element_type=\"container\">\n\t\t\t\t<div class=\"elementor-element elementor-element-5de8aff elementor-widget elementor-widget-image\" data-id=\"5de8aff\" data-element_type=\"widget\" data-widget_type=\"image.default\">\n\t\t\t\t<div class=\"elementor-widget-container\">\n\t\t\t\t\t\t\t\t\t\t\t\t\t<img fetchpriority=\"high\" decoding=\"async\" width=\"683\" height=\"1024\" src=\"https:\/\/letoublonshiatsu.fr\/wp-content\/uploads\/2024\/12\/96-324A9198-683x1024.webp\" class=\"attachment-large size-large wp-image-506\" alt=\"\" srcset=\"https:\/\/letoublonshiatsu.fr\/wp-content\/uploads\/2024\/12\/96-324A9198-683x1024.webp 683w, https:\/\/letoublonshiatsu.fr\/wp-content\/uploads\/2024\/12\/96-324A9198-200x300.webp 200w, https:\/\/letoublonshiatsu.fr\/wp-content\/uploads\/2024\/12\/96-324A9198-768x1152.webp 768w, https:\/\/letoublonshiatsu.fr\/wp-content\/uploads\/2024\/12\/96-324A9198-1024x1536.webp 1024w, https:\/\/letoublonshiatsu.fr\/wp-content\/uploads\/2024\/12\/96-324A9198-scaled.webp 1280w\" sizes=\"(max-width: 683px) 100vw, 683px\" \/>\t\t\t\t\t\t\t\t\t\t\t\t\t<\/div>\n\t\t\t\t<\/div>\n\t\t\t\t<\/div>\n\t\t\t\t\t<\/div>\n\t\t\t\t<\/div>\n\t\t\t\t\t<\/div>\n\t\t\t\t<\/div>\n\t\t<div class=\"elementor-element elementor-element-aa73dd8 e-flex e-con-boxed e-con e-parent\" data-id=\"aa73dd8\" data-element_type=\"container\">\n\t\t\t\t\t<div class=\"e-con-inner\">\n\t\t<div class=\"elementor-element elementor-element-41a2a10 e-con-full e-flex e-con e-child\" data-id=\"41a2a10\" data-element_type=\"container\">\n\t\t\t\t<\/div>\n\t\t<div class=\"elementor-element elementor-element-2256b39 e-con-full e-flex e-con e-child\" data-id=\"2256b39\" data-element_type=\"container\">\n\t\t\t\t<div class=\"elementor-element elementor-element-226e428 elementor-widget elementor-widget-spacer\" data-id=\"226e428\" data-element_type=\"widget\" data-widget_type=\"spacer.default\">\n\t\t\t\t<div class=\"elementor-widget-container\">\n\t\t\t\t\t<div class=\"elementor-spacer\">\n\t\t\t<div class=\"elementor-spacer-inner\"><\/div>\n\t\t<\/div>\n\t\t\t\t<\/div>\n\t\t\t\t<\/div>\n\t\t\t\t<div class=\"elementor-element elementor-element-479cd5b elementor-widget elementor-widget-heading\" data-id=\"479cd5b\" data-element_type=\"widget\" data-widget_type=\"heading.default\">\n\t\t\t\t<div class=\"elementor-widget-container\">\n\t\t\t<h4 class=\"elementor-heading-title elementor-size-xl\">Tarif :<\/h4>\t\t<\/div>\n\t\t\t\t<\/div>\n\t\t\t\t<div class=\"elementor-element elementor-element-840a60b elementor-widget elementor-widget-spacer\" data-id=\"840a60b\" data-element_type=\"widget\" data-widget_type=\"spacer.default\">\n\t\t\t\t<div class=\"elementor-widget-container\">\n\t\t\t\t\t<div class=\"elementor-spacer\">\n\t\t\t<div class=\"elementor-spacer-inner\"><\/div>\n\t\t<\/div>\n\t\t\t\t<\/div>\n\t\t\t\t<\/div>\n\t\t\t\t<div class=\"elementor-element elementor-element-b50c236 elementor-widget elementor-widget-price-list\" data-id=\"b50c236\" data-element_type=\"widget\" data-widget_type=\"price-list.default\">\n\t\t\t\t<div class=\"elementor-widget-container\">\n\t\t\t\n\t\t<ul class=\"elementor-price-list\">\n\n\t\t\t\t\t\t\t\t\t<li><a class=\"elementor-price-list-item\" href=\"#\">\t\t\t\t\n\t\t\t\t<div class=\"elementor-price-list-text\">\n\t\t\t\t\t\t\t\t\t<div class=\"elementor-price-list-header\">\n\t\t\t\t\t\t\t\t\t\t\t<span class=\"elementor-price-list-title\">\n\t\t\t\t\t\t\tUne S\u00e9ance\t\t\t\t\t\t<\/span>\n\t\t\t\t\t\t\t\t\t\t\t\t\t\t\t\t\t\t<span class=\"elementor-price-list-separator\"><\/span>\n\t\t\t\t\t\t\t\t\t\t\t\t\t\t\t\t\t\t\t<span class=\"elementor-price-list-price\">60\u20ac<\/span>\n\t\t\t\t\t\t\t\t\t\t<\/div>\n\t\t\t\t\t\t\t\t\t\t\t\t<\/div>\n\t\t\t\t<\/a><\/li>\t\t\t\t\t\t\t\t\t\t\t\t<li class=\"elementor-price-list-item\">\t\t\t\t\n\t\t\t\t<div class=\"elementor-price-list-text\">\n\t\t\t\t\t\t\t\t\t<div class=\"elementor-price-list-header\">\n\t\t\t\t\t\t\t\t\t\t\t<span class=\"elementor-price-list-title\">\n\t\t\t\t\t\t\tforfait suivi\t\t\t\t\t\t<\/span>\n\t\t\t\t\t\t\t\t\t\t\t\t\t\t\t\t\t\t<span class=\"elementor-price-list-separator\"><\/span>\n\t\t\t\t\t\t\t\t\t\t\t\t\t\t\t\t\t\t\t<span class=\"elementor-price-list-price\">150\u20ac<\/span>\n\t\t\t\t\t\t\t\t\t\t<\/div>\n\t\t\t\t\t\t\t\t\t\t\t\t\t\t\t<p class=\"elementor-price-list-description\">\n\t\t\t\t\t\t\t               3 s\u00e9ances\t\t\t\t\t\t<\/p>\n\t\t\t\t\t\t\t\t<\/div>\n\t\t\t\t<\/li>\t\t\t\t\t\n\t\t<\/ul>\n\n\t\t\t\t<\/div>\n\t\t\t\t<\/div>\n\t\t\t\t<\/div>\n\t\t<div class=\"elementor-element elementor-element-fc8400d e-con-full e-flex e-con e-child\" data-id=\"fc8400d\" data-element_type=\"container\">\n\t\t\t\t<\/div>\n\t\t\t\t\t<\/div>\n\t\t\t\t<\/div>\n\t\t\t\t<\/div>\n\t\t","protected":false},"excerpt":{"rendered":"<p>Shiatsu Humain Shiatsu Humain Il s\u2019adresse \u00e0 toute personne d\u00e9sireuse d\u2019am\u00e9liorer son \u00e9tat de bien-\u00eatre et de s\u2019accorder un v\u00e9ritable moment de d\u00e9tente (adulte comme enfant). Le but \u00e9tant d\u2019aider le corps et l\u2019esprit \u00e0 s\u2019harmoniser, s\u2019\u00e9quilibrer afin de s\u2019adapter au mieux aux changements de saison, au climat, au stress, aux chocs physiques ou \u00e9motionnels, [&hellip;]<\/p>\n","protected":false},"author":2,"featured_media":0,"parent":0,"menu_order":0,"comment_status":"closed","ping_status":"closed","template":"","meta":{"footnotes":""},"class_list":["post-172","page","type-page","status-publish","hentry"],"yoast_head":"<!-- This site is optimized with the Yoast SEO plugin v24.0 - https:\/\/yoast.com\/wordpress\/plugins\/seo\/ -->\n<title>Shiatsu\u00a0Humain - Shiatsu<\/title>\n<meta name=\"robots\" content=\"index, follow, max-snippet:-1, max-image-preview:large, max-video-preview:-1\" \/>\n<link rel=\"canonical\" href=\"https:\/\/letoublonshiatsu.fr\/index.php\/humain\/\" \/>\n<meta property=\"og:locale\" content=\"en_US\" \/>\n<meta property=\"og:type\" content=\"article\" \/>\n<meta property=\"og:title\" content=\"Shiatsu\u00a0Humain - Shiatsu\" \/>\n<meta property=\"og:description\" content=\"Shiatsu Humain Shiatsu Humain Il s\u2019adresse \u00e0 toute personne d\u00e9sireuse d\u2019am\u00e9liorer son \u00e9tat de bien-\u00eatre et de s\u2019accorder un v\u00e9ritable moment de d\u00e9tente (adulte comme enfant). Le but \u00e9tant d\u2019aider le corps et l\u2019esprit \u00e0 s\u2019harmoniser, s\u2019\u00e9quilibrer afin de s\u2019adapter au mieux aux changements de saison, au climat, au stress, aux chocs physiques ou \u00e9motionnels, [&hellip;]\" \/>\n<meta property=\"og:url\" content=\"https:\/\/letoublonshiatsu.fr\/index.php\/humain\/\" \/>\n<meta property=\"og:site_name\" content=\"Shiatsu\" \/>\n<meta property=\"article:publisher\" content=\"https:\/\/www.facebook.com\/profile.php?id=100032307476572\" \/>\n<meta property=\"article:modified_time\" content=\"2024-12-24T14:12:18+00:00\" \/>\n<meta property=\"og:image\" content=\"https:\/\/letoublonshiatsu.fr\/wp-content\/uploads\/2023\/10\/massage-therapy-1584711_1280-2.jpg\" \/>\n<meta name=\"twitter:card\" content=\"summary_large_image\" \/>\n<meta name=\"twitter:label1\" content=\"Est. reading time\" \/>\n\t<meta name=\"twitter:data1\" content=\"2 minutes\" \/>\n<script type=\"application\/ld+json\" class=\"yoast-schema-graph\">{\"@context\":\"https:\/\/schema.org\",\"@graph\":[{\"@type\":\"WebPage\",\"@id\":\"https:\/\/letoublonshiatsu.fr\/index.php\/humain\/\",\"url\":\"https:\/\/letoublonshiatsu.fr\/index.php\/humain\/\",\"name\":\"Shiatsu\u00a0Humain - Shiatsu\",\"isPartOf\":{\"@id\":\"https:\/\/letoublonshiatsu.fr\/#website\"},\"primaryImageOfPage\":{\"@id\":\"https:\/\/letoublonshiatsu.fr\/index.php\/humain\/#primaryimage\"},\"image\":{\"@id\":\"https:\/\/letoublonshiatsu.fr\/index.php\/humain\/#primaryimage\"},\"thumbnailUrl\":\"https:\/\/letoublonshiatsu.fr\/wp-content\/uploads\/2023\/10\/massage-therapy-1584711_1280-2.jpg\",\"datePublished\":\"2023-10-10T15:10:49+00:00\",\"dateModified\":\"2024-12-24T14:12:18+00:00\",\"breadcrumb\":{\"@id\":\"https:\/\/letoublonshiatsu.fr\/index.php\/humain\/#breadcrumb\"},\"inLanguage\":\"en-US\",\"potentialAction\":[{\"@type\":\"ReadAction\",\"target\":[\"https:\/\/letoublonshiatsu.fr\/index.php\/humain\/\"]}]},{\"@type\":\"ImageObject\",\"inLanguage\":\"en-US\",\"@id\":\"https:\/\/letoublonshiatsu.fr\/index.php\/humain\/#primaryimage\",\"url\":\"https:\/\/letoublonshiatsu.fr\/wp-content\/uploads\/2023\/10\/massage-therapy-1584711_1280-2.jpg\",\"contentUrl\":\"https:\/\/letoublonshiatsu.fr\/wp-content\/uploads\/2023\/10\/massage-therapy-1584711_1280-2.jpg\"},{\"@type\":\"BreadcrumbList\",\"@id\":\"https:\/\/letoublonshiatsu.fr\/index.php\/humain\/#breadcrumb\",\"itemListElement\":[{\"@type\":\"ListItem\",\"position\":1,\"name\":\"Accueil\",\"item\":\"https:\/\/letoublonshiatsu.fr\/\"},{\"@type\":\"ListItem\",\"position\":2,\"name\":\"Shiatsu\u00a0Humain\"}]},{\"@type\":\"WebSite\",\"@id\":\"https:\/\/letoublonshiatsu.fr\/#website\",\"url\":\"https:\/\/letoublonshiatsu.fr\/\",\"name\":\"Shiatsu\",\"description\":\"\",\"publisher\":{\"@id\":\"https:\/\/letoublonshiatsu.fr\/#\/schema\/person\/491159d4ad746c65820027cb8760d99c\"},\"potentialAction\":[{\"@type\":\"SearchAction\",\"target\":{\"@type\":\"EntryPoint\",\"urlTemplate\":\"https:\/\/letoublonshiatsu.fr\/?s={search_term_string}\"},\"query-input\":{\"@type\":\"PropertyValueSpecification\",\"valueRequired\":true,\"valueName\":\"search_term_string\"}}],\"inLanguage\":\"en-US\"},{\"@type\":[\"Person\",\"Organization\"],\"@id\":\"https:\/\/letoublonshiatsu.fr\/#\/schema\/person\/491159d4ad746c65820027cb8760d99c\",\"name\":\"Sev\",\"image\":{\"@type\":\"ImageObject\",\"inLanguage\":\"en-US\",\"@id\":\"https:\/\/letoublonshiatsu.fr\/#\/schema\/person\/image\/\",\"url\":\"https:\/\/letoublonshiatsu.fr\/wp-content\/uploads\/2023\/10\/unnamed.png\",\"contentUrl\":\"https:\/\/letoublonshiatsu.fr\/wp-content\/uploads\/2023\/10\/unnamed.png\",\"width\":2048,\"height\":2048,\"caption\":\"Sev\"},\"logo\":{\"@id\":\"https:\/\/letoublonshiatsu.fr\/#\/schema\/person\/image\/\"},\"sameAs\":[\"http:\/\/letoublonshiatsu.fr\",\"https:\/\/www.facebook.com\/profile.php?id=100032307476572\"]}]}<\/script>\n<!-- \/ Yoast SEO plugin. -->","yoast_head_json":{"title":"Shiatsu\u00a0Humain - Shiatsu","robots":{"index":"index","follow":"follow","max-snippet":"max-snippet:-1","max-image-preview":"max-image-preview:large","max-video-preview":"max-video-preview:-1"},"canonical":"https:\/\/letoublonshiatsu.fr\/index.php\/humain\/","og_locale":"en_US","og_type":"article","og_title":"Shiatsu\u00a0Humain - Shiatsu","og_description":"Shiatsu Humain Shiatsu Humain Il s\u2019adresse \u00e0 toute personne d\u00e9sireuse d\u2019am\u00e9liorer son \u00e9tat de bien-\u00eatre et de s\u2019accorder un v\u00e9ritable moment de d\u00e9tente (adulte comme enfant). Le but \u00e9tant d\u2019aider le corps et l\u2019esprit \u00e0 s\u2019harmoniser, s\u2019\u00e9quilibrer afin de s\u2019adapter au mieux aux changements de saison, au climat, au stress, aux chocs physiques ou \u00e9motionnels, [&hellip;]","og_url":"https:\/\/letoublonshiatsu.fr\/index.php\/humain\/","og_site_name":"Shiatsu","article_publisher":"https:\/\/www.facebook.com\/profile.php?id=100032307476572","article_modified_time":"2024-12-24T14:12:18+00:00","og_image":[{"url":"https:\/\/letoublonshiatsu.fr\/wp-content\/uploads\/2023\/10\/massage-therapy-1584711_1280-2.jpg","type":"","width":"","height":""}],"twitter_card":"summary_large_image","twitter_misc":{"Est. reading time":"2 minutes"},"schema":{"@context":"https:\/\/schema.org","@graph":[{"@type":"WebPage","@id":"https:\/\/letoublonshiatsu.fr\/index.php\/humain\/","url":"https:\/\/letoublonshiatsu.fr\/index.php\/humain\/","name":"Shiatsu\u00a0Humain - Shiatsu","isPartOf":{"@id":"https:\/\/letoublonshiatsu.fr\/#website"},"primaryImageOfPage":{"@id":"https:\/\/letoublonshiatsu.fr\/index.php\/humain\/#primaryimage"},"image":{"@id":"https:\/\/letoublonshiatsu.fr\/index.php\/humain\/#primaryimage"},"thumbnailUrl":"https:\/\/letoublonshiatsu.fr\/wp-content\/uploads\/2023\/10\/massage-therapy-1584711_1280-2.jpg","datePublished":"2023-10-10T15:10:49+00:00","dateModified":"2024-12-24T14:12:18+00:00","breadcrumb":{"@id":"https:\/\/letoublonshiatsu.fr\/index.php\/humain\/#breadcrumb"},"inLanguage":"en-US","potentialAction":[{"@type":"ReadAction","target":["https:\/\/letoublonshiatsu.fr\/index.php\/humain\/"]}]},{"@type":"ImageObject","inLanguage":"en-US","@id":"https:\/\/letoublonshiatsu.fr\/index.php\/humain\/#primaryimage","url":"https:\/\/letoublonshiatsu.fr\/wp-content\/uploads\/2023\/10\/massage-therapy-1584711_1280-2.jpg","contentUrl":"https:\/\/letoublonshiatsu.fr\/wp-content\/uploads\/2023\/10\/massage-therapy-1584711_1280-2.jpg"},{"@type":"BreadcrumbList","@id":"https:\/\/letoublonshiatsu.fr\/index.php\/humain\/#breadcrumb","itemListElement":[{"@type":"ListItem","position":1,"name":"Accueil","item":"https:\/\/letoublonshiatsu.fr\/"},{"@type":"ListItem","position":2,"name":"Shiatsu\u00a0Humain"}]},{"@type":"WebSite","@id":"https:\/\/letoublonshiatsu.fr\/#website","url":"https:\/\/letoublonshiatsu.fr\/","name":"Shiatsu","description":"","publisher":{"@id":"https:\/\/letoublonshiatsu.fr\/#\/schema\/person\/491159d4ad746c65820027cb8760d99c"},"potentialAction":[{"@type":"SearchAction","target":{"@type":"EntryPoint","urlTemplate":"https:\/\/letoublonshiatsu.fr\/?s={search_term_string}"},"query-input":{"@type":"PropertyValueSpecification","valueRequired":true,"valueName":"search_term_string"}}],"inLanguage":"en-US"},{"@type":["Person","Organization"],"@id":"https:\/\/letoublonshiatsu.fr\/#\/schema\/person\/491159d4ad746c65820027cb8760d99c","name":"Sev","image":{"@type":"ImageObject","inLanguage":"en-US","@id":"https:\/\/letoublonshiatsu.fr\/#\/schema\/person\/image\/","url":"https:\/\/letoublonshiatsu.fr\/wp-content\/uploads\/2023\/10\/unnamed.png","contentUrl":"https:\/\/letoublonshiatsu.fr\/wp-content\/uploads\/2023\/10\/unnamed.png","width":2048,"height":2048,"caption":"Sev"},"logo":{"@id":"https:\/\/letoublonshiatsu.fr\/#\/schema\/person\/image\/"},"sameAs":["http:\/\/letoublonshiatsu.fr","https:\/\/www.facebook.com\/profile.php?id=100032307476572"]}]}},"_links":{"self":[{"href":"https:\/\/letoublonshiatsu.fr\/index.php\/wp-json\/wp\/v2\/pages\/172","targetHints":{"allow":["GET"]}}],"collection":[{"href":"https:\/\/letoublonshiatsu.fr\/index.php\/wp-json\/wp\/v2\/pages"}],"about":[{"href":"https:\/\/letoublonshiatsu.fr\/index.php\/wp-json\/wp\/v2\/types\/page"}],"author":[{"embeddable":true,"href":"https:\/\/letoublonshiatsu.fr\/index.php\/wp-json\/wp\/v2\/users\/2"}],"replies":[{"embeddable":true,"href":"https:\/\/letoublonshiatsu.fr\/index.php\/wp-json\/wp\/v2\/comments?post=172"}],"version-history":[{"count":121,"href":"https:\/\/letoublonshiatsu.fr\/index.php\/wp-json\/wp\/v2\/pages\/172\/revisions"}],"predecessor-version":[{"id":851,"href":"https:\/\/letoublonshiatsu.fr\/index.php\/wp-json\/wp\/v2\/pages\/172\/revisions\/851"}],"wp:attachment":[{"href":"https:\/\/letoublonshiatsu.fr\/index.php\/wp-json\/wp\/v2\/media?parent=172"}],"curies":[{"name":"wp","href":"https:\/\/api.w.org\/{rel}","templated":true}]}}