{"id":183,"date":"2023-10-10T17:21:37","date_gmt":"2023-10-10T15:21:37","guid":{"rendered":"https:\/\/letoublonshiatsu.fr\/?page_id=183"},"modified":"2024-12-23T18:14:16","modified_gmt":"2024-12-23T17:14:16","slug":"shiatsu-entreprise","status":"publish","type":"page","link":"https:\/\/letoublonshiatsu.fr\/index.php\/shiatsu-entreprise\/","title":{"rendered":"Shiatsu Entreprise"},"content":{"rendered":"\t\t<div data-elementor-type=\"wp-page\" data-elementor-id=\"183\" class=\"elementor elementor-183\" data-elementor-post-type=\"page\">\n\t\t\t\t<div class=\"elementor-element elementor-element-49d80f30 e-con-full elementor-hidden-mobile e-flex e-con e-parent\" data-id=\"49d80f30\" data-element_type=\"container\">\n\t\t<div class=\"elementor-element elementor-element-67f71e68 e-con-full e-flex elementor-invisible e-con e-child\" data-id=\"67f71e68\" data-element_type=\"container\" data-settings=\"{&quot;background_background&quot;:&quot;classic&quot;,&quot;animation&quot;:&quot;slideInLeft&quot;}\">\n\t\t\t\t<\/div>\n\t\t<div class=\"elementor-element elementor-element-713bb6c5 e-con-full pageTiltle e-flex e-con e-child\" data-id=\"713bb6c5\" data-element_type=\"container\">\n\t\t<div class=\"elementor-element elementor-element-115cce75 e-flex e-con-boxed e-con e-child\" data-id=\"115cce75\" data-element_type=\"container\">\n\t\t\t\t\t<div class=\"e-con-inner\">\n\t\t\t\t<div class=\"elementor-element elementor-element-3d8d7dc3 animated-slow pageTitle elementor-invisible elementor-widget elementor-widget-heading\" data-id=\"3d8d7dc3\" data-element_type=\"widget\" data-settings=\"{&quot;_animation&quot;:&quot;fadeInLeft&quot;,&quot;_animation_delay&quot;:600}\" data-widget_type=\"heading.default\">\n\t\t\t\t<div class=\"elementor-widget-container\">\n\t\t\t<h1 class=\"elementor-heading-title elementor-size-default\">Shiatsu entreprise<\/h1>\t\t<\/div>\n\t\t\t\t<\/div>\n\t\t\t\t\t<\/div>\n\t\t\t\t<\/div>\n\t\t\t\t<\/div>\n\t\t\t\t<\/div>\n\t\t<div class=\"elementor-element elementor-element-6317419 e-con-full elementor-hidden-desktop elementor-hidden-tablet e-flex e-con e-parent\" data-id=\"6317419\" data-element_type=\"container\">\n\t\t<div class=\"elementor-element elementor-element-ac63673 e-con-full pageTiltle e-flex e-con e-child\" data-id=\"ac63673\" data-element_type=\"container\">\n\t\t<div class=\"elementor-element elementor-element-bc4ec08 e-flex e-con-boxed e-con e-child\" data-id=\"bc4ec08\" data-element_type=\"container\">\n\t\t\t\t\t<div class=\"e-con-inner\">\n\t\t\t\t<div class=\"elementor-element elementor-element-78d330d animated-slow pageTitle elementor-invisible elementor-widget elementor-widget-heading\" data-id=\"78d330d\" data-element_type=\"widget\" data-settings=\"{&quot;_animation&quot;:&quot;fadeInLeft&quot;,&quot;_animation_delay&quot;:600}\" data-widget_type=\"heading.default\">\n\t\t\t\t<div class=\"elementor-widget-container\">\n\t\t\t<h1 class=\"elementor-heading-title elementor-size-default\">Shiatsu entreprise<\/h1>\t\t<\/div>\n\t\t\t\t<\/div>\n\t\t<div class=\"elementor-element elementor-element-5567a8c e-con-full e-flex elementor-invisible e-con e-child\" data-id=\"5567a8c\" data-element_type=\"container\" data-settings=\"{&quot;background_background&quot;:&quot;classic&quot;,&quot;animation&quot;:&quot;slideInLeft&quot;}\">\n\t\t\t\t<\/div>\n\t\t\t\t\t<\/div>\n\t\t\t\t<\/div>\n\t\t\t\t<\/div>\n\t\t\t\t<\/div>\n\t\t<div class=\"elementor-element elementor-element-e9c10ce e-flex e-con-boxed e-con e-parent\" data-id=\"e9c10ce\" data-element_type=\"container\">\n\t\t\t\t\t<div class=\"e-con-inner\">\n\t\t<div class=\"elementor-element elementor-element-75618f6 e-con-full e-flex e-con e-child\" data-id=\"75618f6\" data-element_type=\"container\">\n\t\t\t\t<div class=\"elementor-element elementor-element-a6c973f elementor-widget elementor-widget-text-editor\" data-id=\"a6c973f\" data-element_type=\"widget\" data-widget_type=\"text-editor.default\">\n\t\t\t\t<div class=\"elementor-widget-container\">\n\t\t\t\t\t\t\t<p><strong>En entreprise, le shiatsu peut apporter un r\u00e9el mieux-\u00eatre, un mieux vivre ensemble.<\/strong><\/p><p><span style=\"font-weight: 400;\">Il aide efficacement \u00e0 rel\u00e2cher les tensions physiques et psychologiques inh\u00e9rentes \u00e0 l&#8217;activit\u00e9 professionnelle.<\/span> <span style=\"font-weight: 400;\">Les mouvements r\u00e9p\u00e9titifs, les mauvaises postures, le stress du rendement provoquent de la fatigue physique qui engendre \u00e0 son tour des tensions psychologiques.<\/span><\/p><p><span style=\"font-weight: 400;\">C&#8217;est pourquoi, le shiatsu contribue \u00e0 l&#8217;<\/span><span style=\"font-weight: 400;\">am\u00e9lioration des conditions de travail <\/span><span style=\"font-weight: 400;\">et au bien-\u00eatre de vos collaborateurs. Il se pratique <\/span><span style=\"font-weight: 400;\">au sein de votre entreprise.<\/span><\/p>\t\t\t\t\t\t<\/div>\n\t\t\t\t<\/div>\n\t\t\t\t<div class=\"elementor-element elementor-element-8a4192b elementor-widget-divider--view-line elementor-widget elementor-widget-divider\" data-id=\"8a4192b\" data-element_type=\"widget\" data-widget_type=\"divider.default\">\n\t\t\t\t<div class=\"elementor-widget-container\">\n\t\t\t\t\t<div class=\"elementor-divider\">\n\t\t\t<span class=\"elementor-divider-separator\">\n\t\t\t\t\t\t<\/span>\n\t\t<\/div>\n\t\t\t\t<\/div>\n\t\t\t\t<\/div>\n\t\t\t\t<div class=\"elementor-element elementor-element-2f5c520 elementor-hidden-mobile elementor-widget elementor-widget-spacer\" data-id=\"2f5c520\" data-element_type=\"widget\" data-widget_type=\"spacer.default\">\n\t\t\t\t<div class=\"elementor-widget-container\">\n\t\t\t\t\t<div class=\"elementor-spacer\">\n\t\t\t<div class=\"elementor-spacer-inner\"><\/div>\n\t\t<\/div>\n\t\t\t\t<\/div>\n\t\t\t\t<\/div>\n\t\t\t\t<\/div>\n\t\t\t\t\t<\/div>\n\t\t\t\t<\/div>\n\t\t<div class=\"elementor-element elementor-element-397e605 e-flex e-con-boxed e-con e-parent\" data-id=\"397e605\" data-element_type=\"container\">\n\t\t\t\t\t<div class=\"e-con-inner\">\n\t\t<div class=\"elementor-element elementor-element-2db2c0ba e-flex e-con-boxed e-con e-child\" data-id=\"2db2c0ba\" data-element_type=\"container\">\n\t\t\t\t\t<div class=\"e-con-inner\">\n\t\t<div class=\"elementor-element elementor-element-6565ec19 e-con-full e-flex e-con e-child\" data-id=\"6565ec19\" data-element_type=\"container\">\n\t\t<div class=\"elementor-element elementor-element-58f96435 e-con-full e-flex e-con e-child\" data-id=\"58f96435\" data-element_type=\"container\">\n\t\t\t\t<div class=\"elementor-element elementor-element-7a2cdfd pageTitle elementor-invisible elementor-widget elementor-widget-heading\" data-id=\"7a2cdfd\" data-element_type=\"widget\" data-settings=\"{&quot;_animation&quot;:&quot;fadeIn&quot;,&quot;_animation_delay&quot;:200}\" data-widget_type=\"heading.default\">\n\t\t\t\t<div class=\"elementor-widget-container\">\n\t\t\t<h2 class=\"elementor-heading-title elementor-size-xl\">D\u00e9roulement d\u2019une s\u00e9ance\n<\/h2>\t\t<\/div>\n\t\t\t\t<\/div>\n\t\t\t\t<div class=\"elementor-element elementor-element-681d4958 elementor-widget elementor-widget-text-editor\" data-id=\"681d4958\" data-element_type=\"widget\" data-widget_type=\"text-editor.default\">\n\t\t\t\t<div class=\"elementor-widget-container\">\n\t\t\t\t\t\t\t<p><strong>Le Shiatsu se pratique assis sur une chaise ergonomique.<\/strong><\/p><p><strong>Je travaille essentiellement sur le dos, les bras, la nuque et la t\u00eate,\u00a0dans une pi\u00e8ce calme et agr\u00e9able, isol\u00e9e des bruits de l\u2019entreprise.<\/strong><\/p><ul><li><b> <\/b><b>Dur\u00e9e des s\u00e9ances<\/b><span style=\"font-weight: 400;\">: 20 mn \u00e0 1\/2 h par collaborateur<\/span><\/li><\/ul>\t\t\t\t\t\t<\/div>\n\t\t\t\t<\/div>\n\t\t\t\t<div class=\"elementor-element elementor-element-24bffbc elementor-widget elementor-widget-spacer\" data-id=\"24bffbc\" data-element_type=\"widget\" data-widget_type=\"spacer.default\">\n\t\t\t\t<div class=\"elementor-widget-container\">\n\t\t\t\t\t<div class=\"elementor-spacer\">\n\t\t\t<div class=\"elementor-spacer-inner\"><\/div>\n\t\t<\/div>\n\t\t\t\t<\/div>\n\t\t\t\t<\/div>\n\t\t\t\t<div class=\"elementor-element elementor-element-cb1b19e elementor-align-center elementor-widget elementor-widget-button\" data-id=\"cb1b19e\" data-element_type=\"widget\" data-widget_type=\"button.default\">\n\t\t\t\t<div class=\"elementor-widget-container\">\n\t\t\t\t\t\t\t<div class=\"elementor-button-wrapper\">\n\t\t\t\t\t<a class=\"elementor-button elementor-button-link elementor-size-sm\" href=\"https:\/\/letoublonshiatsu.fr\/index.php\/contact-us\/\">\n\t\t\t\t\t\t<span class=\"elementor-button-content-wrapper\">\n\t\t\t\t\t\t\t\t\t<span class=\"elementor-button-text\">Contactez-moi pour un devis<\/span>\n\t\t\t\t\t<\/span>\n\t\t\t\t\t<\/a>\n\t\t\t\t<\/div>\n\t\t\t\t\t\t<\/div>\n\t\t\t\t<\/div>\n\t\t\t\t<\/div>\n\t\t\t\t<\/div>\n\t\t<div class=\"elementor-element elementor-element-43801f36 e-con-full e-flex e-con e-child\" data-id=\"43801f36\" data-element_type=\"container\">\n\t\t<div class=\"elementor-element elementor-element-3d754ba4 e-con-full e-flex e-con e-child\" data-id=\"3d754ba4\" data-element_type=\"container\" data-settings=\"{&quot;background_background&quot;:&quot;classic&quot;,&quot;background_motion_fx_motion_fx_scrolling&quot;:&quot;yes&quot;,&quot;background_motion_fx_translateY_effect&quot;:&quot;yes&quot;,&quot;background_motion_fx_translateY_speed&quot;:{&quot;unit&quot;:&quot;px&quot;,&quot;size&quot;:2.5,&quot;sizes&quot;:[]},&quot;motion_fx_motion_fx_scrolling&quot;:&quot;yes&quot;,&quot;motion_fx_translateY_effect&quot;:&quot;yes&quot;,&quot;motion_fx_translateY_direction&quot;:&quot;negative&quot;,&quot;motion_fx_translateY_speed&quot;:{&quot;unit&quot;:&quot;px&quot;,&quot;size&quot;:1,&quot;sizes&quot;:[]},&quot;background_motion_fx_translateY_affectedRange&quot;:{&quot;unit&quot;:&quot;%&quot;,&quot;size&quot;:&quot;&quot;,&quot;sizes&quot;:{&quot;start&quot;:0,&quot;end&quot;:100}},&quot;background_motion_fx_devices&quot;:[&quot;desktop&quot;,&quot;tablet&quot;,&quot;mobile&quot;],&quot;motion_fx_translateY_affectedRange&quot;:{&quot;unit&quot;:&quot;%&quot;,&quot;size&quot;:&quot;&quot;,&quot;sizes&quot;:{&quot;start&quot;:0,&quot;end&quot;:100}},&quot;motion_fx_devices&quot;:[&quot;desktop&quot;,&quot;tablet&quot;,&quot;mobile&quot;]}\">\n\t\t\t\t<\/div>\n\t\t\t\t<\/div>\n\t\t\t\t\t<\/div>\n\t\t\t\t<\/div>\n\t\t\t\t\t<\/div>\n\t\t\t\t<\/div>\n\t\t\t\t<\/div>\n\t\t","protected":false},"excerpt":{"rendered":"<p>Shiatsu entreprise Shiatsu entreprise En entreprise, le shiatsu peut apporter un r\u00e9el mieux-\u00eatre, un mieux vivre ensemble. Il aide efficacement \u00e0 rel\u00e2cher les tensions physiques et psychologiques inh\u00e9rentes \u00e0 l&#8217;activit\u00e9 professionnelle. Les mouvements r\u00e9p\u00e9titifs, les mauvaises postures, le stress du rendement provoquent de la fatigue physique qui engendre \u00e0 son tour des tensions psychologiques. C&#8217;est [&hellip;]<\/p>\n","protected":false},"author":2,"featured_media":0,"parent":0,"menu_order":0,"comment_status":"closed","ping_status":"closed","template":"","meta":{"footnotes":""},"class_list":["post-183","page","type-page","status-publish","hentry"],"yoast_head":"<!-- This site is optimized with the Yoast SEO plugin v24.0 - https:\/\/yoast.com\/wordpress\/plugins\/seo\/ -->\n<title>Shiatsu Entreprise - Shiatsu<\/title>\n<meta name=\"robots\" content=\"index, follow, max-snippet:-1, max-image-preview:large, max-video-preview:-1\" \/>\n<link rel=\"canonical\" href=\"https:\/\/letoublonshiatsu.fr\/index.php\/shiatsu-entreprise\/\" \/>\n<meta property=\"og:locale\" content=\"en_US\" \/>\n<meta property=\"og:type\" content=\"article\" \/>\n<meta property=\"og:title\" content=\"Shiatsu Entreprise - Shiatsu\" \/>\n<meta property=\"og:description\" content=\"Shiatsu entreprise Shiatsu entreprise En entreprise, le shiatsu peut apporter un r\u00e9el mieux-\u00eatre, un mieux vivre ensemble. Il aide efficacement \u00e0 rel\u00e2cher les tensions physiques et psychologiques inh\u00e9rentes \u00e0 l&#8217;activit\u00e9 professionnelle. Les mouvements r\u00e9p\u00e9titifs, les mauvaises postures, le stress du rendement provoquent de la fatigue physique qui engendre \u00e0 son tour des tensions psychologiques. C&#8217;est [&hellip;]\" \/>\n<meta property=\"og:url\" content=\"https:\/\/letoublonshiatsu.fr\/index.php\/shiatsu-entreprise\/\" \/>\n<meta property=\"og:site_name\" content=\"Shiatsu\" \/>\n<meta property=\"article:publisher\" content=\"https:\/\/www.facebook.com\/profile.php?id=100032307476572\" \/>\n<meta property=\"article:modified_time\" content=\"2024-12-23T17:14:16+00:00\" \/>\n<meta name=\"twitter:card\" content=\"summary_large_image\" \/>\n<meta name=\"twitter:label1\" content=\"Est. reading time\" \/>\n\t<meta name=\"twitter:data1\" content=\"1 minute\" \/>\n<script type=\"application\/ld+json\" class=\"yoast-schema-graph\">{\"@context\":\"https:\/\/schema.org\",\"@graph\":[{\"@type\":\"WebPage\",\"@id\":\"https:\/\/letoublonshiatsu.fr\/index.php\/shiatsu-entreprise\/\",\"url\":\"https:\/\/letoublonshiatsu.fr\/index.php\/shiatsu-entreprise\/\",\"name\":\"Shiatsu Entreprise - Shiatsu\",\"isPartOf\":{\"@id\":\"https:\/\/letoublonshiatsu.fr\/#website\"},\"datePublished\":\"2023-10-10T15:21:37+00:00\",\"dateModified\":\"2024-12-23T17:14:16+00:00\",\"breadcrumb\":{\"@id\":\"https:\/\/letoublonshiatsu.fr\/index.php\/shiatsu-entreprise\/#breadcrumb\"},\"inLanguage\":\"en-US\",\"potentialAction\":[{\"@type\":\"ReadAction\",\"target\":[\"https:\/\/letoublonshiatsu.fr\/index.php\/shiatsu-entreprise\/\"]}]},{\"@type\":\"BreadcrumbList\",\"@id\":\"https:\/\/letoublonshiatsu.fr\/index.php\/shiatsu-entreprise\/#breadcrumb\",\"itemListElement\":[{\"@type\":\"ListItem\",\"position\":1,\"name\":\"Accueil\",\"item\":\"https:\/\/letoublonshiatsu.fr\/\"},{\"@type\":\"ListItem\",\"position\":2,\"name\":\"Shiatsu Entreprise\"}]},{\"@type\":\"WebSite\",\"@id\":\"https:\/\/letoublonshiatsu.fr\/#website\",\"url\":\"https:\/\/letoublonshiatsu.fr\/\",\"name\":\"Shiatsu\",\"description\":\"\",\"publisher\":{\"@id\":\"https:\/\/letoublonshiatsu.fr\/#\/schema\/person\/491159d4ad746c65820027cb8760d99c\"},\"potentialAction\":[{\"@type\":\"SearchAction\",\"target\":{\"@type\":\"EntryPoint\",\"urlTemplate\":\"https:\/\/letoublonshiatsu.fr\/?s={search_term_string}\"},\"query-input\":{\"@type\":\"PropertyValueSpecification\",\"valueRequired\":true,\"valueName\":\"search_term_string\"}}],\"inLanguage\":\"en-US\"},{\"@type\":[\"Person\",\"Organization\"],\"@id\":\"https:\/\/letoublonshiatsu.fr\/#\/schema\/person\/491159d4ad746c65820027cb8760d99c\",\"name\":\"Sev\",\"image\":{\"@type\":\"ImageObject\",\"inLanguage\":\"en-US\",\"@id\":\"https:\/\/letoublonshiatsu.fr\/#\/schema\/person\/image\/\",\"url\":\"https:\/\/letoublonshiatsu.fr\/wp-content\/uploads\/2023\/10\/unnamed.png\",\"contentUrl\":\"https:\/\/letoublonshiatsu.fr\/wp-content\/uploads\/2023\/10\/unnamed.png\",\"width\":2048,\"height\":2048,\"caption\":\"Sev\"},\"logo\":{\"@id\":\"https:\/\/letoublonshiatsu.fr\/#\/schema\/person\/image\/\"},\"sameAs\":[\"http:\/\/letoublonshiatsu.fr\",\"https:\/\/www.facebook.com\/profile.php?id=100032307476572\"]}]}<\/script>\n<!-- \/ Yoast SEO plugin. -->","yoast_head_json":{"title":"Shiatsu Entreprise - Shiatsu","robots":{"index":"index","follow":"follow","max-snippet":"max-snippet:-1","max-image-preview":"max-image-preview:large","max-video-preview":"max-video-preview:-1"},"canonical":"https:\/\/letoublonshiatsu.fr\/index.php\/shiatsu-entreprise\/","og_locale":"en_US","og_type":"article","og_title":"Shiatsu Entreprise - Shiatsu","og_description":"Shiatsu entreprise Shiatsu entreprise En entreprise, le shiatsu peut apporter un r\u00e9el mieux-\u00eatre, un mieux vivre ensemble. Il aide efficacement \u00e0 rel\u00e2cher les tensions physiques et psychologiques inh\u00e9rentes \u00e0 l&#8217;activit\u00e9 professionnelle. Les mouvements r\u00e9p\u00e9titifs, les mauvaises postures, le stress du rendement provoquent de la fatigue physique qui engendre \u00e0 son tour des tensions psychologiques. C&#8217;est [&hellip;]","og_url":"https:\/\/letoublonshiatsu.fr\/index.php\/shiatsu-entreprise\/","og_site_name":"Shiatsu","article_publisher":"https:\/\/www.facebook.com\/profile.php?id=100032307476572","article_modified_time":"2024-12-23T17:14:16+00:00","twitter_card":"summary_large_image","twitter_misc":{"Est. reading time":"1 minute"},"schema":{"@context":"https:\/\/schema.org","@graph":[{"@type":"WebPage","@id":"https:\/\/letoublonshiatsu.fr\/index.php\/shiatsu-entreprise\/","url":"https:\/\/letoublonshiatsu.fr\/index.php\/shiatsu-entreprise\/","name":"Shiatsu Entreprise - Shiatsu","isPartOf":{"@id":"https:\/\/letoublonshiatsu.fr\/#website"},"datePublished":"2023-10-10T15:21:37+00:00","dateModified":"2024-12-23T17:14:16+00:00","breadcrumb":{"@id":"https:\/\/letoublonshiatsu.fr\/index.php\/shiatsu-entreprise\/#breadcrumb"},"inLanguage":"en-US","potentialAction":[{"@type":"ReadAction","target":["https:\/\/letoublonshiatsu.fr\/index.php\/shiatsu-entreprise\/"]}]},{"@type":"BreadcrumbList","@id":"https:\/\/letoublonshiatsu.fr\/index.php\/shiatsu-entreprise\/#breadcrumb","itemListElement":[{"@type":"ListItem","position":1,"name":"Accueil","item":"https:\/\/letoublonshiatsu.fr\/"},{"@type":"ListItem","position":2,"name":"Shiatsu Entreprise"}]},{"@type":"WebSite","@id":"https:\/\/letoublonshiatsu.fr\/#website","url":"https:\/\/letoublonshiatsu.fr\/","name":"Shiatsu","description":"","publisher":{"@id":"https:\/\/letoublonshiatsu.fr\/#\/schema\/person\/491159d4ad746c65820027cb8760d99c"},"potentialAction":[{"@type":"SearchAction","target":{"@type":"EntryPoint","urlTemplate":"https:\/\/letoublonshiatsu.fr\/?s={search_term_string}"},"query-input":{"@type":"PropertyValueSpecification","valueRequired":true,"valueName":"search_term_string"}}],"inLanguage":"en-US"},{"@type":["Person","Organization"],"@id":"https:\/\/letoublonshiatsu.fr\/#\/schema\/person\/491159d4ad746c65820027cb8760d99c","name":"Sev","image":{"@type":"ImageObject","inLanguage":"en-US","@id":"https:\/\/letoublonshiatsu.fr\/#\/schema\/person\/image\/","url":"https:\/\/letoublonshiatsu.fr\/wp-content\/uploads\/2023\/10\/unnamed.png","contentUrl":"https:\/\/letoublonshiatsu.fr\/wp-content\/uploads\/2023\/10\/unnamed.png","width":2048,"height":2048,"caption":"Sev"},"logo":{"@id":"https:\/\/letoublonshiatsu.fr\/#\/schema\/person\/image\/"},"sameAs":["http:\/\/letoublonshiatsu.fr","https:\/\/www.facebook.com\/profile.php?id=100032307476572"]}]}},"_links":{"self":[{"href":"https:\/\/letoublonshiatsu.fr\/index.php\/wp-json\/wp\/v2\/pages\/183","targetHints":{"allow":["GET"]}}],"collection":[{"href":"https:\/\/letoublonshiatsu.fr\/index.php\/wp-json\/wp\/v2\/pages"}],"about":[{"href":"https:\/\/letoublonshiatsu.fr\/index.php\/wp-json\/wp\/v2\/types\/page"}],"author":[{"embeddable":true,"href":"https:\/\/letoublonshiatsu.fr\/index.php\/wp-json\/wp\/v2\/users\/2"}],"replies":[{"embeddable":true,"href":"https:\/\/letoublonshiatsu.fr\/index.php\/wp-json\/wp\/v2\/comments?post=183"}],"version-history":[{"count":61,"href":"https:\/\/letoublonshiatsu.fr\/index.php\/wp-json\/wp\/v2\/pages\/183\/revisions"}],"predecessor-version":[{"id":829,"href":"https:\/\/letoublonshiatsu.fr\/index.php\/wp-json\/wp\/v2\/pages\/183\/revisions\/829"}],"wp:attachment":[{"href":"https:\/\/letoublonshiatsu.fr\/index.php\/wp-json\/wp\/v2\/media?parent=183"}],"curies":[{"name":"wp","href":"https:\/\/api.w.org\/{rel}","templated":true}]}}