{"id":45,"date":"2023-10-02T16:35:12","date_gmt":"2023-10-02T14:35:12","guid":{"rendered":"https:\/\/letoublonshiatsu.fr\/index.php\/contact-us\/"},"modified":"2024-12-23T18:16:55","modified_gmt":"2024-12-23T17:16:55","slug":"contact-us","status":"publish","type":"page","link":"https:\/\/letoublonshiatsu.fr\/index.php\/contact-us\/","title":{"rendered":"Contact"},"content":{"rendered":"\t\t<div data-elementor-type=\"wp-page\" data-elementor-id=\"45\" class=\"elementor elementor-45\" data-elementor-post-type=\"page\">\n\t\t\t\t<div class=\"elementor-element elementor-element-4223b652 e-con-full elementor-hidden-mobile e-flex e-con e-parent\" data-id=\"4223b652\" data-element_type=\"container\">\n\t\t<div class=\"elementor-element elementor-element-61a315a6 e-con-full e-flex e-con e-child\" data-id=\"61a315a6\" data-element_type=\"container\" data-settings=\"{&quot;background_background&quot;:&quot;classic&quot;,&quot;background_motion_fx_motion_fx_scrolling&quot;:&quot;yes&quot;,&quot;background_motion_fx_translateY_effect&quot;:&quot;yes&quot;,&quot;background_motion_fx_translateY_direction&quot;:&quot;negative&quot;,&quot;background_motion_fx_translateY_speed&quot;:{&quot;unit&quot;:&quot;px&quot;,&quot;size&quot;:1.5,&quot;sizes&quot;:[]},&quot;background_motion_fx_translateY_affectedRange&quot;:{&quot;unit&quot;:&quot;%&quot;,&quot;size&quot;:&quot;&quot;,&quot;sizes&quot;:{&quot;start&quot;:0,&quot;end&quot;:100}},&quot;background_motion_fx_devices&quot;:[&quot;desktop&quot;,&quot;tablet&quot;,&quot;mobile&quot;]}\">\n\t\t\t\t<\/div>\n\t\t<div class=\"elementor-element elementor-element-ca27718 e-con-full e-flex e-con e-child\" data-id=\"ca27718\" data-element_type=\"container\">\n\t\t\t\t<div class=\"elementor-element elementor-element-4c24519a elementor-headline--style-rotate elementor-widget__width-initial elementor-invisible elementor-widget elementor-widget-animated-headline\" data-id=\"4c24519a\" data-element_type=\"widget\" data-settings=\"{&quot;headline_style&quot;:&quot;rotate&quot;,&quot;animation_type&quot;:&quot;slide&quot;,&quot;rotating_text&quot;:&quot; moi&quot;,&quot;_animation&quot;:&quot;fadeInLeft&quot;,&quot;rotate_iteration_delay&quot;:2500}\" data-widget_type=\"animated-headline.default\">\n\t\t\t\t<div class=\"elementor-widget-container\">\n\t\t\t\t\t<h2 class=\"elementor-headline elementor-headline-animation-type-slide\">\n\t\t\t\t\t<span class=\"elementor-headline-plain-text elementor-headline-text-wrapper\">Contactez <\/span>\n\t\t\t\t<span class=\"elementor-headline-dynamic-wrapper elementor-headline-text-wrapper\">\n\t\t\t\t\t<span class=\"elementor-headline-dynamic-text elementor-headline-text-active\">\n\t\t\t\t&nbsp;moi\t\t\t<\/span>\n\t\t\t\t\t\t<\/span>\n\t\t\t\t<\/h2>\n\t\t\t\t<\/div>\n\t\t\t\t<\/div>\n\t\t\t\t<div class=\"elementor-element elementor-element-ade9e4c elementor-widget elementor-widget-spacer\" data-id=\"ade9e4c\" data-element_type=\"widget\" data-widget_type=\"spacer.default\">\n\t\t\t\t<div class=\"elementor-widget-container\">\n\t\t\t\t\t<div class=\"elementor-spacer\">\n\t\t\t<div class=\"elementor-spacer-inner\"><\/div>\n\t\t<\/div>\n\t\t\t\t<\/div>\n\t\t\t\t<\/div>\n\t\t<div class=\"elementor-element elementor-element-4217a2f8 e-con-full e-flex e-con e-child\" data-id=\"4217a2f8\" data-element_type=\"container\">\n\t\t<div class=\"elementor-element elementor-element-27ba991c e-con-full e-flex elementor-invisible e-con e-child\" data-id=\"27ba991c\" data-element_type=\"container\" data-settings=\"{&quot;background_background&quot;:&quot;gradient&quot;,&quot;animation&quot;:&quot;slideInLeft&quot;}\">\n\t\t\t\t<div class=\"elementor-element elementor-element-6e11c039 elementor-widget elementor-widget-heading\" data-id=\"6e11c039\" data-element_type=\"widget\" data-widget_type=\"heading.default\">\n\t\t\t\t<div class=\"elementor-widget-container\">\n\t\t\t<h5 class=\"elementor-heading-title elementor-size-default\">Email<\/h5>\t\t<\/div>\n\t\t\t\t<\/div>\n\t\t\t\t<div class=\"elementor-element elementor-element-43392406 elementor-widget-divider--view-line elementor-widget elementor-widget-divider\" data-id=\"43392406\" data-element_type=\"widget\" data-widget_type=\"divider.default\">\n\t\t\t\t<div class=\"elementor-widget-container\">\n\t\t\t\t\t<div class=\"elementor-divider\">\n\t\t\t<span class=\"elementor-divider-separator\">\n\t\t\t\t\t\t<\/span>\n\t\t<\/div>\n\t\t\t\t<\/div>\n\t\t\t\t<\/div>\n\t\t\t\t<div class=\"elementor-element elementor-element-c41996d elementor-widget elementor-widget-text-editor\" data-id=\"c41996d\" data-element_type=\"widget\" data-widget_type=\"text-editor.default\">\n\t\t\t\t<div class=\"elementor-widget-container\">\n\t\t\t\t\t\t\t<p>letoublon.s@hotmail.com<\/p>\t\t\t\t\t\t<\/div>\n\t\t\t\t<\/div>\n\t\t\t\t<\/div>\n\t\t<div class=\"elementor-element elementor-element-7000f6b7 e-con-full e-flex elementor-invisible e-con e-child\" data-id=\"7000f6b7\" data-element_type=\"container\" data-settings=\"{&quot;background_background&quot;:&quot;gradient&quot;,&quot;animation&quot;:&quot;slideInRight&quot;}\">\n\t\t\t\t<div class=\"elementor-element elementor-element-70b9a1f6 elementor-widget elementor-widget-heading\" data-id=\"70b9a1f6\" data-element_type=\"widget\" data-widget_type=\"heading.default\">\n\t\t\t\t<div class=\"elementor-widget-container\">\n\t\t\t<h5 class=\"elementor-heading-title elementor-size-default\">T\u00e9l\u00e9phone<\/h5>\t\t<\/div>\n\t\t\t\t<\/div>\n\t\t\t\t<div class=\"elementor-element elementor-element-4c5e55d elementor-widget-divider--view-line elementor-widget elementor-widget-divider\" data-id=\"4c5e55d\" data-element_type=\"widget\" data-widget_type=\"divider.default\">\n\t\t\t\t<div class=\"elementor-widget-container\">\n\t\t\t\t\t<div class=\"elementor-divider\">\n\t\t\t<span class=\"elementor-divider-separator\">\n\t\t\t\t\t\t<\/span>\n\t\t<\/div>\n\t\t\t\t<\/div>\n\t\t\t\t<\/div>\n\t\t\t\t<div class=\"elementor-element elementor-element-2779a049 elementor-widget elementor-widget-text-editor\" data-id=\"2779a049\" data-element_type=\"widget\" data-widget_type=\"text-editor.default\">\n\t\t\t\t<div class=\"elementor-widget-container\">\n\t\t\t\t\t\t\t<p>06.71.67.43.11<\/p>\t\t\t\t\t\t<\/div>\n\t\t\t\t<\/div>\n\t\t\t\t<\/div>\n\t\t\t\t<\/div>\n\t\t\t\t<div class=\"elementor-element elementor-element-08fa6eb elementor-widget elementor-widget-spacer\" data-id=\"08fa6eb\" data-element_type=\"widget\" data-widget_type=\"spacer.default\">\n\t\t\t\t<div class=\"elementor-widget-container\">\n\t\t\t\t\t<div class=\"elementor-spacer\">\n\t\t\t<div class=\"elementor-spacer-inner\"><\/div>\n\t\t<\/div>\n\t\t\t\t<\/div>\n\t\t\t\t<\/div>\n\t\t\t\t<div class=\"elementor-element elementor-element-584d669 elementor-widget-divider--view-line elementor-widget elementor-widget-divider\" data-id=\"584d669\" data-element_type=\"widget\" data-widget_type=\"divider.default\">\n\t\t\t\t<div class=\"elementor-widget-container\">\n\t\t\t\t\t<div class=\"elementor-divider\">\n\t\t\t<span class=\"elementor-divider-separator\">\n\t\t\t\t\t\t<\/span>\n\t\t<\/div>\n\t\t\t\t<\/div>\n\t\t\t\t<\/div>\n\t\t\t\t<div class=\"elementor-element elementor-element-327795fe elementor-widget elementor-widget-text-editor\" data-id=\"327795fe\" data-element_type=\"widget\" data-widget_type=\"text-editor.default\">\n\t\t\t\t<div class=\"elementor-widget-container\">\n\t\t\t\t\t\t\t<p><span style=\"font-weight: 400;\">Je propose des <strong>Bons Cadeaux<\/strong>.<\/span><\/p><p><span style=\"font-weight: 400;\">C\u2019est une belle fa\u00e7on de faire plaisir \u00e0 ses proches.<\/span><\/p><p><span style=\"font-weight: 400;\">Pour obtenir un bon, veuillez me contacter par mail ou par t\u00e9l\u00e9phone.<\/span><\/p><p><span style=\"font-weight: 400;\">Validit\u00e9 du bon 1 an.<\/span><\/p>\t\t\t\t\t\t<\/div>\n\t\t\t\t<\/div>\n\t\t\t\t<div class=\"elementor-element elementor-element-5b1ec95 elementor-widget elementor-widget-spacer\" data-id=\"5b1ec95\" data-element_type=\"widget\" data-widget_type=\"spacer.default\">\n\t\t\t\t<div class=\"elementor-widget-container\">\n\t\t\t\t\t<div class=\"elementor-spacer\">\n\t\t\t<div class=\"elementor-spacer-inner\"><\/div>\n\t\t<\/div>\n\t\t\t\t<\/div>\n\t\t\t\t<\/div>\n\t\t\t\t<\/div>\n\t\t\t\t<\/div>\n\t\t<div class=\"elementor-element elementor-element-3dc80ca e-con-full elementor-hidden-desktop elementor-hidden-tablet e-flex e-con e-parent\" data-id=\"3dc80ca\" data-element_type=\"container\">\n\t\t\t\t<div class=\"elementor-element elementor-element-d2e9c54 elementor-headline--style-rotate elementor-widget__width-initial elementor-invisible elementor-widget elementor-widget-animated-headline\" data-id=\"d2e9c54\" data-element_type=\"widget\" data-settings=\"{&quot;headline_style&quot;:&quot;rotate&quot;,&quot;animation_type&quot;:&quot;slide&quot;,&quot;rotating_text&quot;:&quot; moi&quot;,&quot;_animation&quot;:&quot;fadeInLeft&quot;,&quot;rotate_iteration_delay&quot;:2500}\" data-widget_type=\"animated-headline.default\">\n\t\t\t\t<div class=\"elementor-widget-container\">\n\t\t\t\t\t<h2 class=\"elementor-headline elementor-headline-animation-type-slide\">\n\t\t\t\t\t<span class=\"elementor-headline-plain-text elementor-headline-text-wrapper\">Contactez <\/span>\n\t\t\t\t<span class=\"elementor-headline-dynamic-wrapper elementor-headline-text-wrapper\">\n\t\t\t\t\t<span class=\"elementor-headline-dynamic-text elementor-headline-text-active\">\n\t\t\t\t&nbsp;moi\t\t\t<\/span>\n\t\t\t\t\t\t<\/span>\n\t\t\t\t<\/h2>\n\t\t\t\t<\/div>\n\t\t\t\t<\/div>\n\t\t<div class=\"elementor-element elementor-element-0282809 e-con-full e-flex e-con e-child\" data-id=\"0282809\" data-element_type=\"container\">\n\t\t<div class=\"elementor-element elementor-element-724e14c e-con-full e-flex e-con e-child\" data-id=\"724e14c\" data-element_type=\"container\" data-settings=\"{&quot;background_background&quot;:&quot;classic&quot;,&quot;background_motion_fx_motion_fx_scrolling&quot;:&quot;yes&quot;,&quot;background_motion_fx_translateY_effect&quot;:&quot;yes&quot;,&quot;background_motion_fx_translateY_direction&quot;:&quot;negative&quot;,&quot;background_motion_fx_translateY_speed&quot;:{&quot;unit&quot;:&quot;px&quot;,&quot;size&quot;:1.5,&quot;sizes&quot;:[]},&quot;background_motion_fx_translateY_affectedRange&quot;:{&quot;unit&quot;:&quot;%&quot;,&quot;size&quot;:&quot;&quot;,&quot;sizes&quot;:{&quot;start&quot;:0,&quot;end&quot;:100}},&quot;background_motion_fx_devices&quot;:[&quot;desktop&quot;,&quot;tablet&quot;,&quot;mobile&quot;]}\">\n\t\t\t\t<\/div>\n\t\t\t\t<div class=\"elementor-element elementor-element-a8f174f elementor-widget elementor-widget-spacer\" data-id=\"a8f174f\" data-element_type=\"widget\" data-widget_type=\"spacer.default\">\n\t\t\t\t<div class=\"elementor-widget-container\">\n\t\t\t\t\t<div class=\"elementor-spacer\">\n\t\t\t<div class=\"elementor-spacer-inner\"><\/div>\n\t\t<\/div>\n\t\t\t\t<\/div>\n\t\t\t\t<\/div>\n\t\t<div class=\"elementor-element elementor-element-35bef69 e-con-full e-flex e-con e-child\" data-id=\"35bef69\" data-element_type=\"container\">\n\t\t<div class=\"elementor-element elementor-element-99f9400 e-con-full e-flex elementor-invisible e-con e-child\" data-id=\"99f9400\" data-element_type=\"container\" data-settings=\"{&quot;background_background&quot;:&quot;gradient&quot;,&quot;animation&quot;:&quot;slideInLeft&quot;}\">\n\t\t\t\t<div class=\"elementor-element elementor-element-f0125ab elementor-widget elementor-widget-heading\" data-id=\"f0125ab\" data-element_type=\"widget\" data-widget_type=\"heading.default\">\n\t\t\t\t<div class=\"elementor-widget-container\">\n\t\t\t<h5 class=\"elementor-heading-title elementor-size-default\">Email<\/h5>\t\t<\/div>\n\t\t\t\t<\/div>\n\t\t\t\t<div class=\"elementor-element elementor-element-87bf8dd elementor-widget-divider--view-line elementor-widget elementor-widget-divider\" data-id=\"87bf8dd\" data-element_type=\"widget\" data-widget_type=\"divider.default\">\n\t\t\t\t<div class=\"elementor-widget-container\">\n\t\t\t\t\t<div class=\"elementor-divider\">\n\t\t\t<span class=\"elementor-divider-separator\">\n\t\t\t\t\t\t<\/span>\n\t\t<\/div>\n\t\t\t\t<\/div>\n\t\t\t\t<\/div>\n\t\t\t\t<div class=\"elementor-element elementor-element-4765a06 elementor-widget elementor-widget-text-editor\" data-id=\"4765a06\" data-element_type=\"widget\" data-widget_type=\"text-editor.default\">\n\t\t\t\t<div class=\"elementor-widget-container\">\n\t\t\t\t\t\t\t<p>letoublon.s@hotmail.com<\/p>\t\t\t\t\t\t<\/div>\n\t\t\t\t<\/div>\n\t\t\t\t<\/div>\n\t\t<div class=\"elementor-element elementor-element-b5d166e e-con-full e-flex elementor-invisible e-con e-child\" data-id=\"b5d166e\" data-element_type=\"container\" data-settings=\"{&quot;background_background&quot;:&quot;gradient&quot;,&quot;animation&quot;:&quot;slideInRight&quot;}\">\n\t\t\t\t<div class=\"elementor-element elementor-element-1b43cbd elementor-widget elementor-widget-heading\" data-id=\"1b43cbd\" data-element_type=\"widget\" data-widget_type=\"heading.default\">\n\t\t\t\t<div class=\"elementor-widget-container\">\n\t\t\t<h5 class=\"elementor-heading-title elementor-size-default\">T\u00e9l\u00e9phone<\/h5>\t\t<\/div>\n\t\t\t\t<\/div>\n\t\t\t\t<div class=\"elementor-element elementor-element-6061819 elementor-widget-divider--view-line elementor-widget elementor-widget-divider\" data-id=\"6061819\" data-element_type=\"widget\" data-widget_type=\"divider.default\">\n\t\t\t\t<div class=\"elementor-widget-container\">\n\t\t\t\t\t<div class=\"elementor-divider\">\n\t\t\t<span class=\"elementor-divider-separator\">\n\t\t\t\t\t\t<\/span>\n\t\t<\/div>\n\t\t\t\t<\/div>\n\t\t\t\t<\/div>\n\t\t\t\t<div class=\"elementor-element elementor-element-866279f elementor-widget elementor-widget-text-editor\" data-id=\"866279f\" data-element_type=\"widget\" data-widget_type=\"text-editor.default\">\n\t\t\t\t<div class=\"elementor-widget-container\">\n\t\t\t\t\t\t\t<p>06.71.67.43.11<\/p>\t\t\t\t\t\t<\/div>\n\t\t\t\t<\/div>\n\t\t\t\t<\/div>\n\t\t\t\t<\/div>\n\t\t\t\t<div class=\"elementor-element elementor-element-d640a06 elementor-widget elementor-widget-spacer\" data-id=\"d640a06\" data-element_type=\"widget\" data-widget_type=\"spacer.default\">\n\t\t\t\t<div class=\"elementor-widget-container\">\n\t\t\t\t\t<div class=\"elementor-spacer\">\n\t\t\t<div class=\"elementor-spacer-inner\"><\/div>\n\t\t<\/div>\n\t\t\t\t<\/div>\n\t\t\t\t<\/div>\n\t\t\t\t<div class=\"elementor-element elementor-element-d9816f1 elementor-widget-divider--view-line elementor-widget elementor-widget-divider\" data-id=\"d9816f1\" data-element_type=\"widget\" data-widget_type=\"divider.default\">\n\t\t\t\t<div class=\"elementor-widget-container\">\n\t\t\t\t\t<div class=\"elementor-divider\">\n\t\t\t<span class=\"elementor-divider-separator\">\n\t\t\t\t\t\t<\/span>\n\t\t<\/div>\n\t\t\t\t<\/div>\n\t\t\t\t<\/div>\n\t\t\t\t<div class=\"elementor-element elementor-element-c1f1799 elementor-widget elementor-widget-text-editor\" data-id=\"c1f1799\" data-element_type=\"widget\" data-widget_type=\"text-editor.default\">\n\t\t\t\t<div class=\"elementor-widget-container\">\n\t\t\t\t\t\t\t<p><span style=\"font-weight: 400;\">Je propose des <strong>Bons Cadeaux<\/strong>.<\/span><\/p><p><span style=\"font-weight: 400;\">C\u2019est une belle fa\u00e7on de faire plaisir \u00e0 ses proches.<\/span><\/p><p><span style=\"font-weight: 400;\">Pour obtenir un bon, veuillez me contacter par mail ou par t\u00e9l\u00e9phone.<\/span><\/p><p><span style=\"font-weight: 400;\">Validit\u00e9 du bon 1 an.<\/span><\/p>\t\t\t\t\t\t<\/div>\n\t\t\t\t<\/div>\n\t\t\t\t<div class=\"elementor-element elementor-element-e2b33bf elementor-widget elementor-widget-spacer\" data-id=\"e2b33bf\" data-element_type=\"widget\" data-widget_type=\"spacer.default\">\n\t\t\t\t<div class=\"elementor-widget-container\">\n\t\t\t\t\t<div class=\"elementor-spacer\">\n\t\t\t<div class=\"elementor-spacer-inner\"><\/div>\n\t\t<\/div>\n\t\t\t\t<\/div>\n\t\t\t\t<\/div>\n\t\t\t\t<\/div>\n\t\t\t\t<\/div>\n\t\t\t\t<\/div>\n\t\t","protected":false},"excerpt":{"rendered":"<p>Contactez &nbsp;moi Email letoublon.s@hotmail.com T\u00e9l\u00e9phone 06.71.67.43.11 Je propose des Bons Cadeaux. C\u2019est une belle fa\u00e7on de faire plaisir \u00e0 ses proches. Pour obtenir un bon, veuillez me contacter par mail ou par t\u00e9l\u00e9phone. Validit\u00e9 du bon 1 an. Contactez &nbsp;moi Email letoublon.s@hotmail.com T\u00e9l\u00e9phone 06.71.67.43.11 Je propose des Bons Cadeaux. C\u2019est une belle fa\u00e7on de faire [&hellip;]<\/p>\n","protected":false},"author":2,"featured_media":0,"parent":0,"menu_order":0,"comment_status":"closed","ping_status":"closed","template":"elementor_header_footer","meta":{"footnotes":""},"class_list":["post-45","page","type-page","status-publish","hentry"],"yoast_head":"<!-- This site is optimized with the Yoast SEO plugin v24.0 - https:\/\/yoast.com\/wordpress\/plugins\/seo\/ -->\n<title>Contact - Shiatsu<\/title>\n<meta name=\"robots\" content=\"index, follow, max-snippet:-1, max-image-preview:large, max-video-preview:-1\" \/>\n<link rel=\"canonical\" href=\"https:\/\/letoublonshiatsu.fr\/index.php\/contact-us\/\" \/>\n<meta property=\"og:locale\" content=\"en_US\" \/>\n<meta property=\"og:type\" content=\"article\" \/>\n<meta property=\"og:title\" content=\"Contact - Shiatsu\" \/>\n<meta property=\"og:description\" content=\"Contactez &nbsp;moi Email letoublon.s@hotmail.com T\u00e9l\u00e9phone 06.71.67.43.11 Je propose des Bons Cadeaux. C\u2019est une belle fa\u00e7on de faire plaisir \u00e0 ses proches. Pour obtenir un bon, veuillez me contacter par mail ou par t\u00e9l\u00e9phone. Validit\u00e9 du bon 1 an. Contactez &nbsp;moi Email letoublon.s@hotmail.com T\u00e9l\u00e9phone 06.71.67.43.11 Je propose des Bons Cadeaux. C\u2019est une belle fa\u00e7on de faire [&hellip;]\" \/>\n<meta property=\"og:url\" content=\"https:\/\/letoublonshiatsu.fr\/index.php\/contact-us\/\" \/>\n<meta property=\"og:site_name\" content=\"Shiatsu\" \/>\n<meta property=\"article:publisher\" content=\"https:\/\/www.facebook.com\/profile.php?id=100032307476572\" \/>\n<meta property=\"article:modified_time\" content=\"2024-12-23T17:16:55+00:00\" \/>\n<meta name=\"twitter:card\" content=\"summary_large_image\" \/>\n<meta name=\"twitter:label1\" content=\"Est. reading time\" \/>\n\t<meta name=\"twitter:data1\" content=\"1 minute\" \/>\n<script type=\"application\/ld+json\" class=\"yoast-schema-graph\">{\"@context\":\"https:\/\/schema.org\",\"@graph\":[{\"@type\":\"WebPage\",\"@id\":\"https:\/\/letoublonshiatsu.fr\/index.php\/contact-us\/\",\"url\":\"https:\/\/letoublonshiatsu.fr\/index.php\/contact-us\/\",\"name\":\"Contact - Shiatsu\",\"isPartOf\":{\"@id\":\"https:\/\/letoublonshiatsu.fr\/#website\"},\"datePublished\":\"2023-10-02T14:35:12+00:00\",\"dateModified\":\"2024-12-23T17:16:55+00:00\",\"breadcrumb\":{\"@id\":\"https:\/\/letoublonshiatsu.fr\/index.php\/contact-us\/#breadcrumb\"},\"inLanguage\":\"en-US\",\"potentialAction\":[{\"@type\":\"ReadAction\",\"target\":[\"https:\/\/letoublonshiatsu.fr\/index.php\/contact-us\/\"]}]},{\"@type\":\"BreadcrumbList\",\"@id\":\"https:\/\/letoublonshiatsu.fr\/index.php\/contact-us\/#breadcrumb\",\"itemListElement\":[{\"@type\":\"ListItem\",\"position\":1,\"name\":\"Accueil\",\"item\":\"https:\/\/letoublonshiatsu.fr\/\"},{\"@type\":\"ListItem\",\"position\":2,\"name\":\"Contact\"}]},{\"@type\":\"WebSite\",\"@id\":\"https:\/\/letoublonshiatsu.fr\/#website\",\"url\":\"https:\/\/letoublonshiatsu.fr\/\",\"name\":\"Shiatsu\",\"description\":\"\",\"publisher\":{\"@id\":\"https:\/\/letoublonshiatsu.fr\/#\/schema\/person\/491159d4ad746c65820027cb8760d99c\"},\"potentialAction\":[{\"@type\":\"SearchAction\",\"target\":{\"@type\":\"EntryPoint\",\"urlTemplate\":\"https:\/\/letoublonshiatsu.fr\/?s={search_term_string}\"},\"query-input\":{\"@type\":\"PropertyValueSpecification\",\"valueRequired\":true,\"valueName\":\"search_term_string\"}}],\"inLanguage\":\"en-US\"},{\"@type\":[\"Person\",\"Organization\"],\"@id\":\"https:\/\/letoublonshiatsu.fr\/#\/schema\/person\/491159d4ad746c65820027cb8760d99c\",\"name\":\"Sev\",\"image\":{\"@type\":\"ImageObject\",\"inLanguage\":\"en-US\",\"@id\":\"https:\/\/letoublonshiatsu.fr\/#\/schema\/person\/image\/\",\"url\":\"https:\/\/letoublonshiatsu.fr\/wp-content\/uploads\/2023\/10\/unnamed.png\",\"contentUrl\":\"https:\/\/letoublonshiatsu.fr\/wp-content\/uploads\/2023\/10\/unnamed.png\",\"width\":2048,\"height\":2048,\"caption\":\"Sev\"},\"logo\":{\"@id\":\"https:\/\/letoublonshiatsu.fr\/#\/schema\/person\/image\/\"},\"sameAs\":[\"http:\/\/letoublonshiatsu.fr\",\"https:\/\/www.facebook.com\/profile.php?id=100032307476572\"]}]}<\/script>\n<!-- \/ Yoast SEO plugin. -->","yoast_head_json":{"title":"Contact - Shiatsu","robots":{"index":"index","follow":"follow","max-snippet":"max-snippet:-1","max-image-preview":"max-image-preview:large","max-video-preview":"max-video-preview:-1"},"canonical":"https:\/\/letoublonshiatsu.fr\/index.php\/contact-us\/","og_locale":"en_US","og_type":"article","og_title":"Contact - Shiatsu","og_description":"Contactez &nbsp;moi Email letoublon.s@hotmail.com T\u00e9l\u00e9phone 06.71.67.43.11 Je propose des Bons Cadeaux. C\u2019est une belle fa\u00e7on de faire plaisir \u00e0 ses proches. Pour obtenir un bon, veuillez me contacter par mail ou par t\u00e9l\u00e9phone. Validit\u00e9 du bon 1 an. Contactez &nbsp;moi Email letoublon.s@hotmail.com T\u00e9l\u00e9phone 06.71.67.43.11 Je propose des Bons Cadeaux. C\u2019est une belle fa\u00e7on de faire [&hellip;]","og_url":"https:\/\/letoublonshiatsu.fr\/index.php\/contact-us\/","og_site_name":"Shiatsu","article_publisher":"https:\/\/www.facebook.com\/profile.php?id=100032307476572","article_modified_time":"2024-12-23T17:16:55+00:00","twitter_card":"summary_large_image","twitter_misc":{"Est. reading time":"1 minute"},"schema":{"@context":"https:\/\/schema.org","@graph":[{"@type":"WebPage","@id":"https:\/\/letoublonshiatsu.fr\/index.php\/contact-us\/","url":"https:\/\/letoublonshiatsu.fr\/index.php\/contact-us\/","name":"Contact - Shiatsu","isPartOf":{"@id":"https:\/\/letoublonshiatsu.fr\/#website"},"datePublished":"2023-10-02T14:35:12+00:00","dateModified":"2024-12-23T17:16:55+00:00","breadcrumb":{"@id":"https:\/\/letoublonshiatsu.fr\/index.php\/contact-us\/#breadcrumb"},"inLanguage":"en-US","potentialAction":[{"@type":"ReadAction","target":["https:\/\/letoublonshiatsu.fr\/index.php\/contact-us\/"]}]},{"@type":"BreadcrumbList","@id":"https:\/\/letoublonshiatsu.fr\/index.php\/contact-us\/#breadcrumb","itemListElement":[{"@type":"ListItem","position":1,"name":"Accueil","item":"https:\/\/letoublonshiatsu.fr\/"},{"@type":"ListItem","position":2,"name":"Contact"}]},{"@type":"WebSite","@id":"https:\/\/letoublonshiatsu.fr\/#website","url":"https:\/\/letoublonshiatsu.fr\/","name":"Shiatsu","description":"","publisher":{"@id":"https:\/\/letoublonshiatsu.fr\/#\/schema\/person\/491159d4ad746c65820027cb8760d99c"},"potentialAction":[{"@type":"SearchAction","target":{"@type":"EntryPoint","urlTemplate":"https:\/\/letoublonshiatsu.fr\/?s={search_term_string}"},"query-input":{"@type":"PropertyValueSpecification","valueRequired":true,"valueName":"search_term_string"}}],"inLanguage":"en-US"},{"@type":["Person","Organization"],"@id":"https:\/\/letoublonshiatsu.fr\/#\/schema\/person\/491159d4ad746c65820027cb8760d99c","name":"Sev","image":{"@type":"ImageObject","inLanguage":"en-US","@id":"https:\/\/letoublonshiatsu.fr\/#\/schema\/person\/image\/","url":"https:\/\/letoublonshiatsu.fr\/wp-content\/uploads\/2023\/10\/unnamed.png","contentUrl":"https:\/\/letoublonshiatsu.fr\/wp-content\/uploads\/2023\/10\/unnamed.png","width":2048,"height":2048,"caption":"Sev"},"logo":{"@id":"https:\/\/letoublonshiatsu.fr\/#\/schema\/person\/image\/"},"sameAs":["http:\/\/letoublonshiatsu.fr","https:\/\/www.facebook.com\/profile.php?id=100032307476572"]}]}},"_links":{"self":[{"href":"https:\/\/letoublonshiatsu.fr\/index.php\/wp-json\/wp\/v2\/pages\/45","targetHints":{"allow":["GET"]}}],"collection":[{"href":"https:\/\/letoublonshiatsu.fr\/index.php\/wp-json\/wp\/v2\/pages"}],"about":[{"href":"https:\/\/letoublonshiatsu.fr\/index.php\/wp-json\/wp\/v2\/types\/page"}],"author":[{"embeddable":true,"href":"https:\/\/letoublonshiatsu.fr\/index.php\/wp-json\/wp\/v2\/users\/2"}],"replies":[{"embeddable":true,"href":"https:\/\/letoublonshiatsu.fr\/index.php\/wp-json\/wp\/v2\/comments?post=45"}],"version-history":[{"count":57,"href":"https:\/\/letoublonshiatsu.fr\/index.php\/wp-json\/wp\/v2\/pages\/45\/revisions"}],"predecessor-version":[{"id":858,"href":"https:\/\/letoublonshiatsu.fr\/index.php\/wp-json\/wp\/v2\/pages\/45\/revisions\/858"}],"wp:attachment":[{"href":"https:\/\/letoublonshiatsu.fr\/index.php\/wp-json\/wp\/v2\/media?parent=45"}],"curies":[{"name":"wp","href":"https:\/\/api.w.org\/{rel}","templated":true}]}}